{"id":43,"date":"2017-09-21T17:08:25","date_gmt":"2017-09-21T15:08:25","guid":{"rendered":"http:\/\/cristaldent.sk\/?page_id=43"},"modified":"2026-03-31T21:21:40","modified_gmt":"2026-03-31T19:21:40","slug":"rezervacia-rtg","status":"publish","type":"page","link":"https:\/\/cristaldent.sk\/?page_id=43","title":{"rendered":"Rezerv\u00e1cia RTG"},"content":{"rendered":"<div class=\"reservanto-widget\" data-id=\"3549\" data-text=\"Rezervova\u0165\" data-color-text=\"#ffffff\" data-color-text-shadow=\"#2b6cc0\" data-color-bg=\"#399cd1\" data-color-bg-hover=\"#2aabeb\" data-color-boxshadow=\"#2282b5\" data-segment=\"15\">\n<p>Tu si m\u00f4\u017eete pohodlne rezervova\u0165 u n\u00e1s term\u00edn na zhotovenie RTG. Na v\u00fdber je k dispoz\u00edci\u00ed:<\/p>\n<div id=\"service-5937-\" class=\"service id_5937 selected\">\n<p><strong>OPG<\/strong> &#8211; Panoramatick\u00fd sn\u00edmok v\u0161etk\u00fdch zubov<\/p>\n<\/div>\n<div id=\"service-5938-\" class=\"service id_5938\">\n<p><strong>3D-CBCT<\/strong> &#8211; 3D sn\u00edmok \u010delust\u00ed<\/p>\n<\/div>\n<p><strong>BTW-Bitewing<\/strong> &#8211; Z\u00e1hryzov\u00fd sn\u00edmok pre zobrazenie medzizubn\u00fdch priestorov<\/p>\n<div id=\"service-5940-\" class=\"service id_5940\">\n<p><strong>Intraor\u00e1lny sn\u00edmok<\/strong> &#8211; RTG sn\u00edmok 1-2 zubov<\/p>\n<\/div>\n<p>Po kliknut\u00ed na modr\u00e9 tla\u010d\u00edtko pod textom si sta\u010d\u00ed vybra\u0165 d\u00e1tum a \u010das. Taktie\u017e je d\u00f4le\u017eit\u00e9 uvies\u0165 Va\u0161e meno, priezvisko, email a telef\u00f3nne \u010d\u00edslo<\/p>\n<\/div>\n<div data-id=\"3549\" data-text=\"Rezervova\u0165\" data-color-text=\"#ffffff\" data-color-text-shadow=\"#2b6cc0\" data-color-bg=\"#399cd1\" data-color-bg-hover=\"#2aabeb\" data-color-boxshadow=\"#2282b5\" data-segment=\"15\"><\/div>\n<p><script id=\"reservanto-widget-script\" src=\"\/\/booking.reservanto.sk\/Script\/reservanto-script.js?id=3549\" type=\"text\/javascript\"><\/script><\/p>\n<p><!-- end of inserted reservanto code --><\/p>\n<p><img loading=\"lazy\" decoding=\"async\" class=\" wp-image-229 alignnone\" src=\"http:\/\/cristaldent.sk\/wp-content\/uploads\/2019\/01\/IMG_4932-200x300.jpg\" alt=\"\" width=\"288\" height=\"432\" srcset=\"https:\/\/cristaldent.sk\/wp-content\/uploads\/2019\/01\/IMG_4932-200x300.jpg 200w, https:\/\/cristaldent.sk\/wp-content\/uploads\/2019\/01\/IMG_4932-768x1152.jpg 768w, https:\/\/cristaldent.sk\/wp-content\/uploads\/2019\/01\/IMG_4932-683x1024.jpg 683w\" sizes=\"auto, (max-width: 288px) 100vw, 288px\" \/>\u00a0\u00a0<img loading=\"lazy\" decoding=\"async\" class=\" wp-image-226 alignnone\" src=\"http:\/\/cristaldent.sk\/wp-content\/uploads\/2019\/01\/IMG_4927-Edit-200x300.jpg\" alt=\"\" width=\"288\" height=\"432\" srcset=\"https:\/\/cristaldent.sk\/wp-content\/uploads\/2019\/01\/IMG_4927-Edit-200x300.jpg 200w, https:\/\/cristaldent.sk\/wp-content\/uploads\/2019\/01\/IMG_4927-Edit-768x1152.jpg 768w, https:\/\/cristaldent.sk\/wp-content\/uploads\/2019\/01\/IMG_4927-Edit-683x1024.jpg 683w\" sizes=\"auto, (max-width: 288px) 100vw, 288px\" \/><\/p>\n<p><!-- end of inserted reservanto code --><\/p>\n<p><img loading=\"lazy\" decoding=\"async\" class=\" wp-image-229 alignnone\" src=\"http:\/\/cristaldent.sk\/wp-content\/uploads\/2019\/01\/IMG_4932-200x300.jpg\" alt=\"\" width=\"288\" height=\"432\" srcset=\"https:\/\/cristaldent.sk\/wp-content\/uploads\/2019\/01\/IMG_4932-200x300.jpg 200w, https:\/\/cristaldent.sk\/wp-content\/uploads\/2019\/01\/IMG_4932-768x1152.jpg 768w, https:\/\/cristaldent.sk\/wp-content\/uploads\/2019\/01\/IMG_4932-683x1024.jpg 683w\" sizes=\"auto, (max-width: 288px) 100vw, 288px\" \/>\u00a0\u00a0<img loading=\"lazy\" decoding=\"async\" class=\" wp-image-226 alignnone\" src=\"http:\/\/cristaldent.sk\/wp-content\/uploads\/2019\/01\/IMG_4927-Edit-200x300.jpg\" alt=\"\" width=\"288\" height=\"432\" srcset=\"https:\/\/cristaldent.sk\/wp-content\/uploads\/2019\/01\/IMG_4927-Edit-200x300.jpg 200w, https:\/\/cristaldent.sk\/wp-content\/uploads\/2019\/01\/IMG_4927-Edit-768x1152.jpg 768w, https:\/\/cristaldent.sk\/wp-content\/uploads\/2019\/01\/IMG_4927-Edit-683x1024.jpg 683w\" sizes=\"auto, (max-width: 288px) 100vw, 288px\" \/><\/p>\n","protected":false},"excerpt":{"rendered":"<p>Tu si m\u00f4\u017eete pohodlne rezervova\u0165 u n\u00e1s term\u00edn na zhotovenie RTG. Na v\u00fdber je k dispoz\u00edci\u00ed: OPG &#8211; Panoramatick\u00fd sn\u00edmok v\u0161etk\u00fdch zubov 3D-CBCT &#8211; 3D sn\u00edmok \u010delust\u00ed BTW-Bitewing &#8211; Z\u00e1hryzov\u00fd sn\u00edmok pre zobrazenie medzizubn\u00fdch priestorov Intraor\u00e1lny sn\u00edmok &#8211; RTG sn\u00edmok 1-2 zubov Po kliknut\u00ed na modr\u00e9 tla\u010d\u00edtko pod textom si sta\u010d\u00ed vybra\u0165 d\u00e1tum a \u010das. [&hellip;]<\/p>\n","protected":false},"author":1,"featured_media":95,"parent":0,"menu_order":0,"comment_status":"closed","ping_status":"closed","template":"","meta":{"footnotes":""},"class_list":["post-43","page","type-page","status-publish","has-post-thumbnail","czr-hentry"],"_links":{"self":[{"href":"https:\/\/cristaldent.sk\/index.php?rest_route=\/wp\/v2\/pages\/43","targetHints":{"allow":["GET"]}}],"collection":[{"href":"https:\/\/cristaldent.sk\/index.php?rest_route=\/wp\/v2\/pages"}],"about":[{"href":"https:\/\/cristaldent.sk\/index.php?rest_route=\/wp\/v2\/types\/page"}],"author":[{"embeddable":true,"href":"https:\/\/cristaldent.sk\/index.php?rest_route=\/wp\/v2\/users\/1"}],"replies":[{"embeddable":true,"href":"https:\/\/cristaldent.sk\/index.php?rest_route=%2Fwp%2Fv2%2Fcomments&post=43"}],"version-history":[{"count":18,"href":"https:\/\/cristaldent.sk\/index.php?rest_route=\/wp\/v2\/pages\/43\/revisions"}],"predecessor-version":[{"id":315,"href":"https:\/\/cristaldent.sk\/index.php?rest_route=\/wp\/v2\/pages\/43\/revisions\/315"}],"wp:featuredmedia":[{"embeddable":true,"href":"https:\/\/cristaldent.sk\/index.php?rest_route=\/wp\/v2\/media\/95"}],"wp:attachment":[{"href":"https:\/\/cristaldent.sk\/index.php?rest_route=%2Fwp%2Fv2%2Fmedia&parent=43"}],"curies":[{"name":"wp","href":"https:\/\/api.w.org\/{rel}","templated":true}]}}