{"id":45,"date":"2017-09-21T17:08:39","date_gmt":"2017-09-21T15:08:39","guid":{"rendered":"http:\/\/cristaldent.sk\/?page_id=45"},"modified":"2026-03-31T21:21:12","modified_gmt":"2026-03-31T19:21:12","slug":"kontakt","status":"publish","type":"page","link":"https:\/\/cristaldent.sk\/?page_id=45","title":{"rendered":"Kontakt"},"content":{"rendered":"<p><img loading=\"lazy\" decoding=\"async\" class=\"wp-image-110 alignright\" src=\"http:\/\/cristaldent.sk\/wp-content\/uploads\/2018\/01\/DSCN4195-300x225.jpg\" alt=\"\" width=\"468\" height=\"351\" srcset=\"https:\/\/cristaldent.sk\/wp-content\/uploads\/2018\/01\/DSCN4195-300x225.jpg 300w, https:\/\/cristaldent.sk\/wp-content\/uploads\/2018\/01\/DSCN4195-768x576.jpg 768w, https:\/\/cristaldent.sk\/wp-content\/uploads\/2018\/01\/DSCN4195-1024x768.jpg 1024w\" sizes=\"auto, (max-width: 468px) 100vw, 468px\" \/><\/p>\n<p><strong>Telef\u00f3nne kontakty:<\/strong><\/p>\n<p>0915 470 477<\/p>\n<p>038\/5320 326<\/p>\n<p><strong>Emailov\u00fd kontakt:<\/strong><\/p>\n<p>cristaldent@cristaldent.sk<\/p>\n<p><strong>Otv\u00e1racie hodiny<\/strong><br \/>\npondelok 7:30\u201319:00<br \/>\nutorok 12:00\u201319:00<br \/>\nstreda 7:30\u201315:30<br \/>\n\u0161tvrtok 7:30\u201315:30<br \/>\npiatok 7:30\u201313:30<br \/>\nsobota Zatvoren\u00e9<br \/>\nnede\u013ea Zatvoren\u00e9<\/p>\n<p>N\u00e1jdete n\u00e1s na adrese Tovarn\u00edcka 1115\/24 v Topo\u013e\u010danoch<\/p>\n<p><iframe loading=\"lazy\" style=\"border: 0;\" src=\"https:\/\/www.google.com\/maps\/embed?pb=!1m18!1m12!1m3!1d2565.358741525433!2d18.16499874359059!3d48.561408129495476!2m3!1f0!2f0!3f0!3m2!1i1024!2i768!4f13.1!3m3!1m2!1s0x0%3A0xe377a5c17f42e7eb!2sCristal+Dent+s.r.o.!5e0!3m2!1ssk!2ssk!4v1515341251559\" width=\"1650\" height=\"600\" frameborder=\"0\" allowfullscreen=\"allowfullscreen\"><span data-mce-type=\"bookmark\" style=\"display: inline-block; width: 0px; overflow: hidden; line-height: 0;\" class=\"mce_SELRES_start\">\ufeff<\/span><span data-mce-type=\"bookmark\" style=\"display: inline-block; width: 0px; overflow: hidden; line-height: 0;\" class=\"mce_SELRES_start\">\ufeff<\/span><span data-mce-type=\"bookmark\" style=\"display: inline-block; width: 0px; overflow: hidden; line-height: 0;\" class=\"mce_SELRES_start\">\ufeff<\/span><\/iframe><\/p>\n","protected":false},"excerpt":{"rendered":"<p>Telef\u00f3nne kontakty: 0915 470 477 038\/5320 326 Emailov\u00fd kontakt: cristaldent@cristaldent.sk Otv\u00e1racie hodiny pondelok 7:30\u201319:00 utorok 12:00\u201319:00 streda 7:30\u201315:30 \u0161tvrtok 7:30\u201315:30 piatok 7:30\u201313:30 sobota Zatvoren\u00e9 nede\u013ea Zatvoren\u00e9 N\u00e1jdete n\u00e1s na adrese Tovarn\u00edcka 1115\/24 v Topo\u013e\u010danoch \ufeff\ufeff\ufeff<\/p>\n","protected":false},"author":1,"featured_media":83,"parent":0,"menu_order":0,"comment_status":"closed","ping_status":"closed","template":"","meta":{"footnotes":""},"class_list":["post-45","page","type-page","status-publish","has-post-thumbnail","czr-hentry"],"_links":{"self":[{"href":"https:\/\/cristaldent.sk\/index.php?rest_route=\/wp\/v2\/pages\/45","targetHints":{"allow":["GET"]}}],"collection":[{"href":"https:\/\/cristaldent.sk\/index.php?rest_route=\/wp\/v2\/pages"}],"about":[{"href":"https:\/\/cristaldent.sk\/index.php?rest_route=\/wp\/v2\/types\/page"}],"author":[{"embeddable":true,"href":"https:\/\/cristaldent.sk\/index.php?rest_route=\/wp\/v2\/users\/1"}],"replies":[{"embeddable":true,"href":"https:\/\/cristaldent.sk\/index.php?rest_route=%2Fwp%2Fv2%2Fcomments&post=45"}],"version-history":[{"count":22,"href":"https:\/\/cristaldent.sk\/index.php?rest_route=\/wp\/v2\/pages\/45\/revisions"}],"predecessor-version":[{"id":313,"href":"https:\/\/cristaldent.sk\/index.php?rest_route=\/wp\/v2\/pages\/45\/revisions\/313"}],"wp:featuredmedia":[{"embeddable":true,"href":"https:\/\/cristaldent.sk\/index.php?rest_route=\/wp\/v2\/media\/83"}],"wp:attachment":[{"href":"https:\/\/cristaldent.sk\/index.php?rest_route=%2Fwp%2Fv2%2Fmedia&parent=45"}],"curies":[{"name":"wp","href":"https:\/\/api.w.org\/{rel}","templated":true}]}}